{"id":85,"date":"2026-03-10T20:55:52","date_gmt":"2026-03-10T20:55:52","guid":{"rendered":"https:\/\/gauss-friends.org\/?page_id=85"},"modified":"2026-03-14T23:08:58","modified_gmt":"2026-03-14T23:08:58","slug":"deutschland-leicht-gemacht-beratung","status":"publish","type":"page","link":"https:\/\/gauss-friends.org\/en\/deutschland-leicht-gemacht-beratung\/","title":{"rendered":"Germany Made Easy: Consultation"},"content":{"rendered":"<h2 class=\"wp-block-heading\"><strong>Life in Germany Made Easy:<\/strong>Consultation<\/h2>\n\n\n<div class=\"wp-block-image\">\n<figure class=\"aligncenter size-full is-resized\"><img loading=\"lazy\" decoding=\"async\" width=\"1024\" height=\"1024\" src=\"https:\/\/gauss-friends.org\/wp-content\/uploads\/2026\/03\/Germany-Made-Easy.png\" alt=\"\" class=\"wp-image-88\" style=\"width:216px;height:auto\" srcset=\"https:\/\/gauss-friends.org\/wp-content\/uploads\/2026\/03\/Germany-Made-Easy.png 1024w, https:\/\/gauss-friends.org\/wp-content\/uploads\/2026\/03\/Germany-Made-Easy-300x300.png 300w, https:\/\/gauss-friends.org\/wp-content\/uploads\/2026\/03\/Germany-Made-Easy-150x150.png 150w, https:\/\/gauss-friends.org\/wp-content\/uploads\/2026\/03\/Germany-Made-Easy-768x768.png 768w, https:\/\/gauss-friends.org\/wp-content\/uploads\/2026\/03\/Germany-Made-Easy-12x12.png 12w\" sizes=\"(max-width: 1024px) 100vw, 1024px\" \/><\/figure>\n<\/div>\n\n\n<p>Moving to Germany can be exciting, but also overwhelming. Whether it\u2019s navigating the complex bureaucracy or adapting to new cultural norms\u2014it\u2019s normal to face challenges as you settle into life here. That\u2019s exactly where we come in!<\/p>\n\n\n\n<p>We offer personalized consultations to help expats like you settle into life in Germany. Whether you\u2019re new to the country or simply want to make your life here easier, our experienced advisors provide expert guidance tailored to your needs.<\/p>\n\n\n\n<h3 class=\"wp-block-heading\">What we offer<\/h3>\n\n\n\n<p>Our consultations cover a wide range of topics related to living and working in Germany, including:<\/p>\n\n\n\n<ul class=\"wp-block-list\">\n<li><strong>Bureaucracy and Paperwork<\/strong>: Navigating visa applications, work permits, registration with local authorities, tax filings, and more.<\/li>\n\n\n\n<li><strong>Social Systems and Insurance<\/strong>: Understanding the German healthcare system, health insurance options, pension plans and other services.<\/li>\n\n\n\n<li><strong>Cultural Integration<\/strong>: Adapting to daily life in Germany, understanding social norms, and building meaningful connections in your new community.<\/li>\n\n\n\n<li><strong>Employment and Careers<\/strong>: Guidance on job searching, German workplace culture, labor laws, and improving your resume to suit the local market.<\/li>\n<\/ul>\n\n\n\n<h3 class=\"wp-block-heading\">Book your consultation today!<\/h3>\n\n\n\n<p>Are you ready to make your life in Germany smoother and more enjoyable? Schedule a consultation with one of our experts today!<\/p>\n\n\n\n<p>We look forward to helping you make the most of your expat experience in Germany!<\/p>\n\n\n\n<div class=\"wp-block-buttons is-layout-flex wp-block-buttons-is-layout-flex\">\n<div class=\"wp-block-button\"><a class=\"wp-block-button__link wp-element-button\" href=\"https:\/\/calendly.com\/gauss-friends\">Book appointment<\/a><\/div>\n<\/div>\n\n\n\n<p><\/p>","protected":false},"excerpt":{"rendered":"<p>Das Leben in Deutschland leicht gemacht: Beratung Ein Umzug nach Deutschland kann aufregend, aber auch \u00fcberw\u00e4ltigend sein. Ob es darum geht, die komplexe B\u00fcrokratie zu verstehen oder sich an die [&hellip;]<\/p>\n","protected":false},"author":1,"featured_media":108,"parent":0,"menu_order":0,"comment_status":"closed","ping_status":"closed","template":"","meta":{"saved_in_kubio":true,"_price":"","_stock":"","_tribe_ticket_header":"","_tribe_default_ticket_provider":"","_tribe_ticket_capacity":"0","_ticket_start_date":"","_ticket_end_date":"","_tribe_ticket_show_description":"","_tribe_ticket_show_not_going":false,"_tribe_ticket_use_global_stock":"","_tribe_ticket_global_stock_level":"","_global_stock_mode":"","_global_stock_cap":"","_tribe_rsvp_for_event":"","_tribe_ticket_going_count":"","_tribe_ticket_not_going_count":"","_tribe_tickets_list":"[]","_tribe_ticket_has_attendee_info_fields":false,"footnotes":"","_tec_slr_enabled":"","_tec_slr_layout":""},"class_list":["post-85","page","type-page","status-publish","has-post-thumbnail","hentry"],"kubio_ai_page_context":{"short_desc":"","purpose":"general"},"ticketed":false,"_links":{"self":[{"href":"https:\/\/gauss-friends.org\/en\/wp-json\/wp\/v2\/pages\/85","targetHints":{"allow":["GET"]}}],"collection":[{"href":"https:\/\/gauss-friends.org\/en\/wp-json\/wp\/v2\/pages"}],"about":[{"href":"https:\/\/gauss-friends.org\/en\/wp-json\/wp\/v2\/types\/page"}],"author":[{"embeddable":true,"href":"https:\/\/gauss-friends.org\/en\/wp-json\/wp\/v2\/users\/1"}],"replies":[{"embeddable":true,"href":"https:\/\/gauss-friends.org\/en\/wp-json\/wp\/v2\/comments?post=85"}],"version-history":[{"count":5,"href":"https:\/\/gauss-friends.org\/en\/wp-json\/wp\/v2\/pages\/85\/revisions"}],"predecessor-version":[{"id":185,"href":"https:\/\/gauss-friends.org\/en\/wp-json\/wp\/v2\/pages\/85\/revisions\/185"}],"wp:featuredmedia":[{"embeddable":true,"href":"https:\/\/gauss-friends.org\/en\/wp-json\/wp\/v2\/media\/108"}],"wp:attachment":[{"href":"https:\/\/gauss-friends.org\/en\/wp-json\/wp\/v2\/media?parent=85"}],"curies":[{"name":"wp","href":"https:\/\/api.w.org\/{rel}","templated":true}]}}